{"id":11623,"date":"2021-03-10T10:40:18","date_gmt":"2021-03-10T10:40:18","guid":{"rendered":"http:\/\/wp.franziska-joerg.de\/?page_id=2"},"modified":"2021-03-10T10:40:18","modified_gmt":"2021-03-10T10:40:18","slug":"sample-page-2","status":"publish","type":"page","link":"https:\/\/franziska-joerg.de\/?page_id=11623","title":{"rendered":"\u00dcber mich"},"content":{"rendered":"<p>[smartslider3 slider=&#8220;3&#8243;]<\/p>\n\n\n\n<h2 class=\"wp-block-heading\">Franziska J\u00f6rg<\/h2>\n\n\n\n<p><strong>2005-2016<br><\/strong>Aushilfe in der Schuhmacherwerkstatt meines Onkels<br><br><strong>2009<br><\/strong>Gesellenpr\u00fcfung in der Kerschensteinerschule Stuttgart-Feuerbach<br><br><strong>2012\/2013<br><\/strong>Meisterpr\u00fcfung im B-O-S-S in Frankfurt-Langen<br><br><strong>2013\/2014<br><\/strong>Acht Monate Auslandsaufenthalt in Australien, sechs Monate davon in einer in Australien f\u00fchrenden Orthop\u00e4dieschuhmacher Werkstatt<br><br><strong>2014<br><\/strong>Start in die Selbstst\u00e4ndigkeit als Kleinunternehmen<br><br><strong>seit 2016<br><\/strong>bin ich in meinen eigenen vier W\u00e4nden<br>Seit meiner Ausbildung war ich bei verschiedenen Betrieben angestellt, unter anderem in kleineren Orthop\u00e4dischuhmacherbetrieben als auch in gro\u00dfen Sanit\u00e4tsh\u00e4usern. Hier konnte ich viele verschiedene Eindr\u00fccke zu Fertigung und Probleml\u00f6sung kennenlernen.<\/p>\n\n\n\n<p>Wer stehen bleibt verliert den Anschluss, daher ist es f\u00fcr mich eine Selbstverst\u00e4ndlichkeit regelm\u00e4\u00dfig Lehrg\u00e4nge und Fachmessen zu besuchen, um von den neusten Wissenschaften zu erfahren, mein Materiallager und meine Arbeitsweise auf dem neusten Stand zu halten und immer etwas Neues dazu zu lernen.<\/p>\n\n\n\n<p>F\u00fcr einwandfreie und langlebige Handwerksleistung w\u00e4hle ich f\u00fcr Sie ausschlie\u00dflich hochwertige, schadstoffgepr\u00fcfte Originalprodukte namhafter Hersteller.<\/p>\n\n\n\n<p><\/p>\n\n\n<p>[smartslider3 slider=&#8220;11&#8243;]<\/p>\n","protected":false},"excerpt":{"rendered":"<p>Franziska J\u00f6rg 2005-2016Aushilfe in der Schuhmacherwerkstatt meines Onkels 2009Gesellenpr\u00fcfung in der Kerschensteinerschule Stuttgart-Feuerbach 2012\/2013Meisterpr\u00fcfung im B-O-S-S in Frankfurt-Langen 2013\/2014Acht Monate Auslandsaufenthalt in Australien, sechs Monate davon in einer in Australien f\u00fchrenden Orthop\u00e4dieschuhmacher Werkstatt 2014Start in die Selbstst\u00e4ndigkeit als Kleinunternehmen seit 2016bin ich in meinen eigenen vier W\u00e4ndenSeit meiner Ausbildung war ich bei verschiedenen Betrieben angestellt, unter anderem in kleineren Orthop\u00e4dischuhmacherbetrieben als auch in gro\u00dfen Sanit\u00e4tsh\u00e4usern. Hier konnte ich viele verschiedene Eindr\u00fccke zu Fertigung und Probleml\u00f6sung kennenlernen. Wer stehen bleibt verliert den Anschluss, daher ist es f\u00fcr mich eine Selbstverst\u00e4ndlichkeit regelm\u00e4\u00dfig Lehrg\u00e4nge und Fachmessen zu besuchen, um von den neusten Wissenschaften zu erfahren, mein Materiallager und meine Arbeitsweise auf dem neusten Stand zu halten und immer etwas Neues dazu zu lernen. F\u00fcr einwandfreie und langlebige Handwerksleistung w\u00e4hle ich f\u00fcr Sie ausschlie\u00dflich hochwertige, schadstoffgepr\u00fcfte Originalprodukte namhafter Hersteller.<\/p>\n","protected":false},"author":1,"featured_media":0,"parent":0,"menu_order":0,"comment_status":"closed","ping_status":"closed","template":"","meta":{"footnotes":""},"class_list":["post-11623","page","type-page","status-publish"],"_links":{"self":[{"href":"https:\/\/franziska-joerg.de\/index.php?rest_route=\/wp\/v2\/pages\/11623"}],"collection":[{"href":"https:\/\/franziska-joerg.de\/index.php?rest_route=\/wp\/v2\/pages"}],"about":[{"href":"https:\/\/franziska-joerg.de\/index.php?rest_route=\/wp\/v2\/types\/page"}],"author":[{"embeddable":true,"href":"https:\/\/franziska-joerg.de\/index.php?rest_route=\/wp\/v2\/users\/1"}],"replies":[{"embeddable":true,"href":"https:\/\/franziska-joerg.de\/index.php?rest_route=%2Fwp%2Fv2%2Fcomments&post=11623"}],"version-history":[{"count":0,"href":"https:\/\/franziska-joerg.de\/index.php?rest_route=\/wp\/v2\/pages\/11623\/revisions"}],"wp:attachment":[{"href":"https:\/\/franziska-joerg.de\/index.php?rest_route=%2Fwp%2Fv2%2Fmedia&parent=11623"}],"curies":[{"name":"wp","href":"https:\/\/api.w.org\/{rel}","templated":true}]}}