{"id":11624,"date":"2021-03-10T10:40:18","date_gmt":"2021-03-10T10:40:18","guid":{"rendered":"http:\/\/wp.franziska-joerg.de\/?page_id=3"},"modified":"2021-03-10T10:40:18","modified_gmt":"2021-03-10T10:40:18","slug":"impressum","status":"publish","type":"page","link":"https:\/\/franziska-joerg.de\/?page_id=11624","title":{"rendered":"Datenschutz"},"content":{"rendered":"<p>[smartslider3 slider=&#8220;13&#8243;]<\/p>\n\n\n\n<p><\/p>\n\n\n\n<p id=\"u8263-2\"><strong>Datenschutz<\/strong><br>Die Betreiber dieser Seiten nehmen den Schutz Ihrer pers\u00f6nlichen Daten sehr ernst. Wir behandeln Ihre personenbezogenen Daten vertraulich und entsprechend der gesetzlichen Datenschutzvorschriften sowie dieser Datenschutzerkl\u00e4rung.<\/p>\n\n\n\n<p>Die Nutzung unserer Webseite ist in der Regel ohne Angabe personenbezogener Daten m\u00f6glich. Soweit auf unseren Seiten personenbezogene Daten (beispielsweise Name, Anschrift oder E-Mail-Adressen) erhoben werden, erfolgt dies, soweit m\u00f6glich, stets auf freiwilliger Basis. Diese Daten werden ohne Ihre ausdr\u00fcckliche Zustimmung nicht an Dritte weitergegeben.<\/p>\n\n\n\n<p>Wir weisen darauf hin, dass die Daten\u00fcbertragung im Internet (z.B. bei der Kommunikation per E-Mail) Sicherheitsl\u00fccken aufweisen kann. Ein l\u00fcckenloser Schutz der Daten vor dem Zugriff durch Dritte ist nicht m\u00f6glich.<\/p>\n\n\n\n<p id=\"u8263-13\"><strong>Ihre Rechte<br><\/strong>Sie sind berechtigt, Auskunft der bei uns \u00fcber Sie gespeicherten Daten zu beantragen sowie bei Unrichtigkeit der Daten die Berichtigung oder bei unzul\u00e4ssiger Datenspeicherung die L\u00f6schung der Daten zu fordern. Ihnen steht des Weiteren ein Beschwerderecht bei der Aufsichtsbeh\u00f6rde zu.<\/p>\n\n\n\n<p id=\"u8263-18\"><strong>Kontaktformular<br><\/strong>Wir erheben Ihre Daten zum Zweck der Durchf\u00fchrung Ihrer Kontaktanfrage. Die Datenverarbeitung beruht auf Artikel 6 Abs. 1 f) DSGVO. Unser berechtigtes Interesse ist, Ihre Anfrage zu beantworten. Eine Weitergabe der Daten an Dritte findet nicht statt. Die Daten werden gel\u00f6scht, sobald sie f\u00fcr den Zweck ihrer Verarbeitung nicht mehr erforderlich sind. Sie haben das Recht, der Verwendung Ihrer Daten zum Zweck der Kontaktaufnahme jederzeit zu widersprechen.<\/p>\n\n\n\n<p id=\"u8263-23\"><strong>Datenschutzerkl\u00e4rung f\u00fcr die Nutzung von Google Analytics<\/strong><br>Diese Website nutzt Funktionen des Webanalysedienstes Google Analytics. Anbieter ist die Google Inc., 1600 Amphitheatre Parkway Mountain View, CA 94043, USA.<\/p>\n\n\n\n<p>Google Analytics verwendet so genannte &#8222;Cookies&#8220;. Das sind Textdateien, die auf Ihrem Computer gespeichert werden und die eine Analyse der Benutzung der Website durch Sie erm\u00f6glichen. Die durch den Cookie erzeugten Informationen \u00fcber Ihre Benutzung dieser Website werden in der Regel an einen Server von Google in den USA \u00fcbertragen und dort gespeichert. Mehr Informationen zum Umgang mit Nutzerdaten bei Google Analytics finden Sie in der Datenschutzerkl\u00e4rung von Google:&nbsp;<em>support.google.com<\/em><\/p>\n\n\n\n<p id=\"u8263-31\"><strong>Browser Plugin<br><\/strong>Sie k\u00f6nnen die Speicherung der Cookies durch eine entsprechende Einstellung Ihrer Browser-Software verhindern; wir weisen Sie jedoch darauf hin, dass Sie in diesem Fall gegebenenfalls nicht s\u00e4mtliche Funktionen dieser Website vollumf\u00e4nglich werden nutzen k\u00f6nnen. Sie k\u00f6nnen dar\u00fcber hinaus die Erfassung der durch den Cookie erzeugten und auf Ihre Nutzung der Website bezogenen Daten (inkl. Ihrer IP-Adresse) an Google sowie die Verarbeitung dieser Daten durch Google verhindern, indem Sie das unter dem folgenden Link verf\u00fcgbare Browser-Plugin herunterladen und installieren:&nbsp;<em>tools.google.com<\/em><\/p>\n\n\n\n<p><em>Quelle: Mit dem von eRecht24 bereitgestellten Impressum-Generator erzeugt.<\/em><\/p>\n","protected":false},"excerpt":{"rendered":"<p>DatenschutzDie Betreiber dieser Seiten nehmen den Schutz Ihrer pers\u00f6nlichen Daten sehr ernst. Wir behandeln Ihre personenbezogenen Daten vertraulich und entsprechend der gesetzlichen Datenschutzvorschriften sowie dieser Datenschutzerkl\u00e4rung. Die Nutzung unserer Webseite ist in der Regel ohne Angabe personenbezogener Daten m\u00f6glich. Soweit auf unseren Seiten personenbezogene Daten (beispielsweise Name, Anschrift oder E-Mail-Adressen) erhoben werden, erfolgt dies, soweit m\u00f6glich, stets auf freiwilliger Basis. Diese Daten werden ohne Ihre ausdr\u00fcckliche Zustimmung nicht an Dritte weitergegeben. Wir weisen darauf hin, dass die Daten\u00fcbertragung im Internet (z.B. bei der Kommunikation per E-Mail) Sicherheitsl\u00fccken aufweisen kann. Ein l\u00fcckenloser Schutz der Daten vor dem Zugriff durch Dritte ist nicht m\u00f6glich. Ihre RechteSie sind berechtigt, Auskunft der bei uns \u00fcber Sie gespeicherten Daten zu beantragen sowie bei Unrichtigkeit der Daten die Berichtigung oder bei unzul\u00e4ssiger Datenspeicherung die L\u00f6schung der Daten zu fordern. Ihnen steht des Weiteren ein Beschwerderecht bei der Aufsichtsbeh\u00f6rde zu. KontaktformularWir erheben Ihre Daten zum Zweck der&hellip;<\/p>\n<p> <a class=\"more-link\" href=\"https:\/\/franziska-joerg.de\/?page_id=11624\">Weiterlesen<\/a><\/p>\n","protected":false},"author":1,"featured_media":0,"parent":0,"menu_order":0,"comment_status":"closed","ping_status":"closed","template":"","meta":{"footnotes":""},"class_list":["post-11624","page","type-page","status-publish"],"_links":{"self":[{"href":"https:\/\/franziska-joerg.de\/index.php?rest_route=\/wp\/v2\/pages\/11624"}],"collection":[{"href":"https:\/\/franziska-joerg.de\/index.php?rest_route=\/wp\/v2\/pages"}],"about":[{"href":"https:\/\/franziska-joerg.de\/index.php?rest_route=\/wp\/v2\/types\/page"}],"author":[{"embeddable":true,"href":"https:\/\/franziska-joerg.de\/index.php?rest_route=\/wp\/v2\/users\/1"}],"replies":[{"embeddable":true,"href":"https:\/\/franziska-joerg.de\/index.php?rest_route=%2Fwp%2Fv2%2Fcomments&post=11624"}],"version-history":[{"count":0,"href":"https:\/\/franziska-joerg.de\/index.php?rest_route=\/wp\/v2\/pages\/11624\/revisions"}],"wp:attachment":[{"href":"https:\/\/franziska-joerg.de\/index.php?rest_route=%2Fwp%2Fv2%2Fmedia&parent=11624"}],"curies":[{"name":"wp","href":"https:\/\/api.w.org\/{rel}","templated":true}]}}